{"id":2514,"date":"2023-01-17T17:20:37","date_gmt":"2023-01-17T17:20:37","guid":{"rendered":"https:\/\/www.casa-apollo.com\/?page_id=2514"},"modified":"2023-01-17T17:31:07","modified_gmt":"2023-01-17T17:31:07","slug":"datenschutz-und-personenbezogene-datenrichtlinie","status":"publish","type":"page","link":"https:\/\/www.casa-apollo.com\/de\/datenschutz-und-personenbezogene-datenrichtlinie\/","title":{"rendered":"Datenschutz- und personenbezogene Datenrichtlinie"},"content":{"rendered":"<p>Datenschutz- und personenbezogene Datenrichtlinie \u2013 gilt f\u00fcr Benutzer in diesem Hotel bei der Reservierung<\/p>\n<p>Identifikation und Kontaktdaten des Verantwortlichen:<br \/>\nDas Unternehmen Apollo Guesthouse, Lda, Rua Infante D Henrique, Faro, 8000-363 Faro, mit der Steueridentifikationsnummer 517280710.<\/p>\n<p>Datenverantwortlicher (uns):<br \/>\nApollo Guesthouse, Lda die dem Benutzer die angeforderte Dienstleistung erbringt. Unsere Identifikation und Kontaktdaten finden Sie auf der Website, die Sie f\u00fcr Ihre Reservierung verwendet haben. Sie erscheinen auch auf unserer Rechnung, die wir Ihnen zusenden.<\/p>\n<p>Verantwortlich f\u00fcr die Datenkonformit\u00e4t:<br \/>\nGilt nicht f\u00fcr die Aktivit\u00e4ten der Datenverantwortlichen.<\/p>\n<p>Benutzer:<br \/>\nDer Benutzer, der das Buchungsformular oder andere damit verbundene Unterlagen ausgef\u00fcllt hat.<\/p>\n<p>Zweck:<br \/>\nDer Zweck der Verarbeitung der \u00fcber dieses Formular bereitgestellten Daten besteht darin, die Reservierungen des Benutzers zu verwalten und\/oder auf die Fragen\/Anfragen zu antworten, die Sie an uns gerichtet haben.<\/p>\n<p>Rechtsgrundlage:<br \/>\n\u2013 Entweder die Notwendigkeit, unseren Vertrag mit Ihnen, dem Benutzer, zu erf\u00fcllen \/ die Notwendigkeit, auf Ihre Anfrage hin Ma\u00dfnahmen zu ergreifen, bevor Sie einen Vertrag abschlie\u00dfen.<\/p>\n<p>\u2013 Oder Ihre Zustimmung, der Benutzer, indem Sie das K\u00e4stchen ankreuzen, in dem Sie die Allgemeinen Gesch\u00e4ftsbedingungen akzeptieren, von denen diese Datenschutz- und Datenschutzrichtlinie ein wesentlicher Bestandteil ist.<\/p>\n<p>Dauer:<br \/>\nWir werden die vom Benutzer bereitgestellten Daten f\u00fcr die Zeit aufbewahren, die f\u00fcr die Verwaltung der von Ihnen vorgenommenen Reservierung sowie der von Ihnen angeforderten Unterkunftsdienste erforderlich ist. Sobald die Verwaltung abgeschlossen ist, und sofern nicht ausdr\u00fccklich von Ihnen angewiesen, werden Ihre Daten sicher auf einem externen Server in den Niederlanden gespeichert.<\/p>\n<p>Prozessor:<br \/>\nWir haben unseren Partner RoomRaccoonB.V. (www.roomraccoon.pt), um unsere Gesch\u00e4ftsbuchungsmaschine zu verwalten. RoomRaccoon handelt unter unserer Autorit\u00e4t und wir haben mit RoomRaccoon einen Vertrag \u00fcber die Erbringung seiner Dienstleistungen abgeschlossen. Wir weisen RoomRaccoon schriftlich an, wie die Verarbeitung durchzuf\u00fchren ist.<\/p>\n<p>Unterschiedliche Benutzerdaten:<br \/>\nWenn der Benutzer uns personenbezogene Daten einer anderen Person zur Verf\u00fcgung stellt, ist er f\u00fcr diese Handlungen sowie f\u00fcr die Einholung der jeweiligen Zustimmung dieser Personen zur Bereitstellung ihrer Daten verantwortlich.<\/p>\n<p>Datentransfer:<br \/>\nWir werden keine personenbezogenen Daten in ein Drittland au\u00dferhalb des EWR (Europ\u00e4ischer Wirtschaftsraum) \u00fcbermitteln.<\/p>\n<p>Rechte der betroffenen Personen:<br \/>\nBetroffene Personen k\u00f6nnen ihre Rechte auf Auskunft, Berichtigung, L\u00f6schung und Widerspruch aus\u00fcben, indem sie eine E-Mail oder den Postweg an die Kontaktdaten auf unserer Reservierungswebsite und auf unseren Rechnungen senden.<\/p>\n<p>Aufsichtsbeh\u00f6rde:<br \/>\nWenn sich die betroffene Person in ihren Rechten beeintr\u00e4chtigt sieht, kann sie sich auch an die zust\u00e4ndige Aufsichtsbeh\u00f6rde des betroffenen Mitgliedstaats wenden. Weitere Informationen unter: <a href=\"https:\/\/ec.europa.eu\/info\/law\/law-topic\/data-protection\/data-protection-eu_en\" target=\"_blank\" rel=\"noopener noreferrer\">https:\/\/ec.europa.eu\/info\/law\/law-topic\/data-protection\/data-protection-eu_en<\/a><\/p>\n","protected":false},"excerpt":{"rendered":"<p>Datenschutz- und personenbezogene Datenrichtlinie \u2013 gilt f\u00fcr Benutzer in diesem Hotel bei der Reservierung Identifikation und Kontaktdaten des Verantwortlichen: Das Unternehmen Apollo Guesthouse, Lda, Rua Infante D Henrique, Faro, 8000-363&#8230;<\/p>\n","protected":false},"author":2,"featured_media":0,"parent":0,"menu_order":0,"comment_status":"closed","ping_status":"closed","template":"","meta":{"footnotes":""},"class_list":["post-2514","page","type-page","status-publish"],"yoast_head":"<!-- This site is optimized with the Yoast SEO Premium plugin v27.3 (Yoast SEO v27.5) - https:\/\/yoast.com\/product\/yoast-seo-premium-wordpress\/ -->\n<title>Datenschutz- und personenbezogene Datenrichtlinie - Casa Apollo<\/title>\n<meta name=\"robots\" content=\"index, follow, max-snippet:-1, max-image-preview:large, max-video-preview:-1\" \/>\n<link rel=\"canonical\" href=\"https:\/\/www.casa-apollo.com\/de\/datenschutz-und-personenbezogene-datenrichtlinie\/\" \/>\n<meta property=\"og:locale\" content=\"de_DE\" \/>\n<meta property=\"og:type\" content=\"article\" \/>\n<meta property=\"og:title\" content=\"Datenschutz- und personenbezogene Datenrichtlinie\" \/>\n<meta property=\"og:description\" content=\"Datenschutz- und personenbezogene Datenrichtlinie \u2013 gilt f\u00fcr Benutzer in diesem Hotel bei der Reservierung Identifikation und Kontaktdaten des Verantwortlichen: Das Unternehmen Apollo Guesthouse, Lda, Rua Infante D Henrique, Faro, 8000-363...\" \/>\n<meta property=\"og:url\" content=\"https:\/\/www.casa-apollo.com\/de\/datenschutz-und-personenbezogene-datenrichtlinie\/\" \/>\n<meta property=\"og:site_name\" content=\"Casa Apollo\" \/>\n<meta property=\"article:publisher\" content=\"https:\/\/www.facebook.com\/casaapollo\" \/>\n<meta property=\"article:modified_time\" content=\"2023-01-17T17:31:07+00:00\" \/>\n<meta property=\"og:image\" content=\"https:\/\/www.casa-apollo.com\/wp-content\/uploads\/2024\/04\/jardin-piscine-2-scaled.jpg\" \/>\n\t<meta property=\"og:image:width\" content=\"2560\" \/>\n\t<meta property=\"og:image:height\" content=\"1707\" \/>\n\t<meta property=\"og:image:type\" content=\"image\/jpeg\" \/>\n<meta name=\"twitter:card\" content=\"summary_large_image\" \/>\n<meta name=\"twitter:label1\" content=\"Gesch\u00e4tzte Lesezeit\" \/>\n\t<meta name=\"twitter:data1\" content=\"2\u00a0Minuten\" \/>\n<script type=\"application\/ld+json\" class=\"yoast-schema-graph\">{\"@context\":\"https:\\\/\\\/schema.org\",\"@graph\":[{\"@type\":\"WebPage\",\"@id\":\"https:\\\/\\\/www.casa-apollo.com\\\/de\\\/datenschutz-und-personenbezogene-datenrichtlinie\\\/\",\"url\":\"https:\\\/\\\/www.casa-apollo.com\\\/de\\\/datenschutz-und-personenbezogene-datenrichtlinie\\\/\",\"name\":\"Datenschutz- und personenbezogene Datenrichtlinie - Casa Apollo\",\"isPartOf\":{\"@id\":\"https:\\\/\\\/www.casa-apollo.com\\\/#website\"},\"datePublished\":\"2023-01-17T17:20:37+00:00\",\"dateModified\":\"2023-01-17T17:31:07+00:00\",\"breadcrumb\":{\"@id\":\"https:\\\/\\\/www.casa-apollo.com\\\/de\\\/datenschutz-und-personenbezogene-datenrichtlinie\\\/#breadcrumb\"},\"inLanguage\":\"de\",\"potentialAction\":[{\"@type\":\"ReadAction\",\"target\":[\"https:\\\/\\\/www.casa-apollo.com\\\/de\\\/datenschutz-und-personenbezogene-datenrichtlinie\\\/\"]}]},{\"@type\":\"BreadcrumbList\",\"@id\":\"https:\\\/\\\/www.casa-apollo.com\\\/de\\\/datenschutz-und-personenbezogene-datenrichtlinie\\\/#breadcrumb\",\"itemListElement\":[{\"@type\":\"ListItem\",\"position\":1,\"name\":\"Home\",\"item\":\"https:\\\/\\\/www.casa-apollo.com\\\/de\\\/\"},{\"@type\":\"ListItem\",\"position\":2,\"name\":\"Datenschutz- und personenbezogene Datenrichtlinie\"}]},{\"@type\":\"WebSite\",\"@id\":\"https:\\\/\\\/www.casa-apollo.com\\\/#website\",\"url\":\"https:\\\/\\\/www.casa-apollo.com\\\/\",\"name\":\"Casa Apollo\",\"description\":\"Casa Apollo\",\"publisher\":{\"@id\":\"https:\\\/\\\/www.casa-apollo.com\\\/#organization\"},\"potentialAction\":[{\"@type\":\"SearchAction\",\"target\":{\"@type\":\"EntryPoint\",\"urlTemplate\":\"https:\\\/\\\/www.casa-apollo.com\\\/?s={search_term_string}\"},\"query-input\":{\"@type\":\"PropertyValueSpecification\",\"valueRequired\":true,\"valueName\":\"search_term_string\"}}],\"inLanguage\":\"de\"},{\"@type\":\"Organization\",\"@id\":\"https:\\\/\\\/www.casa-apollo.com\\\/#organization\",\"name\":\"Casa Apollo Guesthouse\",\"url\":\"https:\\\/\\\/www.casa-apollo.com\\\/\",\"logo\":{\"@type\":\"ImageObject\",\"inLanguage\":\"de\",\"@id\":\"https:\\\/\\\/www.casa-apollo.com\\\/#\\\/schema\\\/logo\\\/image\\\/\",\"url\":\"https:\\\/\\\/www.casa-apollo.com\\\/wp-content\\\/uploads\\\/2020\\\/09\\\/logoblueretina.png\",\"contentUrl\":\"https:\\\/\\\/www.casa-apollo.com\\\/wp-content\\\/uploads\\\/2020\\\/09\\\/logoblueretina.png\",\"width\":512,\"height\":413,\"caption\":\"Casa Apollo Guesthouse\"},\"image\":{\"@id\":\"https:\\\/\\\/www.casa-apollo.com\\\/#\\\/schema\\\/logo\\\/image\\\/\"},\"sameAs\":[\"https:\\\/\\\/www.facebook.com\\\/casaapollo\",\"https:\\\/\\\/www.instagram.com\\\/casa_apollo_guesthouse\"]}]}<\/script>\n<!-- \/ Yoast SEO Premium plugin. -->","yoast_head_json":{"title":"Datenschutz- und personenbezogene Datenrichtlinie - Casa Apollo","robots":{"index":"index","follow":"follow","max-snippet":"max-snippet:-1","max-image-preview":"max-image-preview:large","max-video-preview":"max-video-preview:-1"},"canonical":"https:\/\/www.casa-apollo.com\/de\/datenschutz-und-personenbezogene-datenrichtlinie\/","og_locale":"de_DE","og_type":"article","og_title":"Datenschutz- und personenbezogene Datenrichtlinie","og_description":"Datenschutz- und personenbezogene Datenrichtlinie \u2013 gilt f\u00fcr Benutzer in diesem Hotel bei der Reservierung Identifikation und Kontaktdaten des Verantwortlichen: Das Unternehmen Apollo Guesthouse, Lda, Rua Infante D Henrique, Faro, 8000-363...","og_url":"https:\/\/www.casa-apollo.com\/de\/datenschutz-und-personenbezogene-datenrichtlinie\/","og_site_name":"Casa Apollo","article_publisher":"https:\/\/www.facebook.com\/casaapollo","article_modified_time":"2023-01-17T17:31:07+00:00","og_image":[{"width":2560,"height":1707,"url":"https:\/\/www.casa-apollo.com\/wp-content\/uploads\/2024\/04\/jardin-piscine-2-scaled.jpg","type":"image\/jpeg"}],"twitter_card":"summary_large_image","twitter_misc":{"Gesch\u00e4tzte Lesezeit":"2\u00a0Minuten"},"schema":{"@context":"https:\/\/schema.org","@graph":[{"@type":"WebPage","@id":"https:\/\/www.casa-apollo.com\/de\/datenschutz-und-personenbezogene-datenrichtlinie\/","url":"https:\/\/www.casa-apollo.com\/de\/datenschutz-und-personenbezogene-datenrichtlinie\/","name":"Datenschutz- und personenbezogene Datenrichtlinie - Casa Apollo","isPartOf":{"@id":"https:\/\/www.casa-apollo.com\/#website"},"datePublished":"2023-01-17T17:20:37+00:00","dateModified":"2023-01-17T17:31:07+00:00","breadcrumb":{"@id":"https:\/\/www.casa-apollo.com\/de\/datenschutz-und-personenbezogene-datenrichtlinie\/#breadcrumb"},"inLanguage":"de","potentialAction":[{"@type":"ReadAction","target":["https:\/\/www.casa-apollo.com\/de\/datenschutz-und-personenbezogene-datenrichtlinie\/"]}]},{"@type":"BreadcrumbList","@id":"https:\/\/www.casa-apollo.com\/de\/datenschutz-und-personenbezogene-datenrichtlinie\/#breadcrumb","itemListElement":[{"@type":"ListItem","position":1,"name":"Home","item":"https:\/\/www.casa-apollo.com\/de\/"},{"@type":"ListItem","position":2,"name":"Datenschutz- und personenbezogene Datenrichtlinie"}]},{"@type":"WebSite","@id":"https:\/\/www.casa-apollo.com\/#website","url":"https:\/\/www.casa-apollo.com\/","name":"Casa Apollo","description":"Casa Apollo","publisher":{"@id":"https:\/\/www.casa-apollo.com\/#organization"},"potentialAction":[{"@type":"SearchAction","target":{"@type":"EntryPoint","urlTemplate":"https:\/\/www.casa-apollo.com\/?s={search_term_string}"},"query-input":{"@type":"PropertyValueSpecification","valueRequired":true,"valueName":"search_term_string"}}],"inLanguage":"de"},{"@type":"Organization","@id":"https:\/\/www.casa-apollo.com\/#organization","name":"Casa Apollo Guesthouse","url":"https:\/\/www.casa-apollo.com\/","logo":{"@type":"ImageObject","inLanguage":"de","@id":"https:\/\/www.casa-apollo.com\/#\/schema\/logo\/image\/","url":"https:\/\/www.casa-apollo.com\/wp-content\/uploads\/2020\/09\/logoblueretina.png","contentUrl":"https:\/\/www.casa-apollo.com\/wp-content\/uploads\/2020\/09\/logoblueretina.png","width":512,"height":413,"caption":"Casa Apollo Guesthouse"},"image":{"@id":"https:\/\/www.casa-apollo.com\/#\/schema\/logo\/image\/"},"sameAs":["https:\/\/www.facebook.com\/casaapollo","https:\/\/www.instagram.com\/casa_apollo_guesthouse"]}]}},"_links":{"self":[{"href":"https:\/\/www.casa-apollo.com\/de\/wp-json\/wp\/v2\/pages\/2514","targetHints":{"allow":["GET"]}}],"collection":[{"href":"https:\/\/www.casa-apollo.com\/de\/wp-json\/wp\/v2\/pages"}],"about":[{"href":"https:\/\/www.casa-apollo.com\/de\/wp-json\/wp\/v2\/types\/page"}],"author":[{"embeddable":true,"href":"https:\/\/www.casa-apollo.com\/de\/wp-json\/wp\/v2\/users\/2"}],"replies":[{"embeddable":true,"href":"https:\/\/www.casa-apollo.com\/de\/wp-json\/wp\/v2\/comments?post=2514"}],"version-history":[{"count":2,"href":"https:\/\/www.casa-apollo.com\/de\/wp-json\/wp\/v2\/pages\/2514\/revisions"}],"predecessor-version":[{"id":2522,"href":"https:\/\/www.casa-apollo.com\/de\/wp-json\/wp\/v2\/pages\/2514\/revisions\/2522"}],"wp:attachment":[{"href":"https:\/\/www.casa-apollo.com\/de\/wp-json\/wp\/v2\/media?parent=2514"}],"curies":[{"name":"wp","href":"https:\/\/api.w.org\/{rel}","templated":true}]}}