{"id":2516,"date":"2023-01-17T17:26:19","date_gmt":"2023-01-17T17:26:19","guid":{"rendered":"https:\/\/www.casa-apollo.com\/?page_id=2516"},"modified":"2023-01-17T17:32:10","modified_gmt":"2023-01-17T17:32:10","slug":"politica-de-privacidade-e-dados-pessoais","status":"publish","type":"page","link":"https:\/\/www.casa-apollo.com\/pt-pt\/politica-de-privacidade-e-dados-pessoais\/","title":{"rendered":"Pol\u00edtica de Privacidade e Dados Pessoais"},"content":{"rendered":"<p>Pol\u00edtica de Privacidade e Dados Pessoais \u2013 aplic\u00e1vel aos Utilizadores nesta propriedade hoteleira quando fazem uma reserva<\/p>\n<p>Identifica\u00e7\u00e3o e dados de contacto do respons\u00e1vel:<br \/>\nA empressa Apollo Guesthouse, Lda, com sede social em Faro, Rua Infante D Henrique, com n\u00famero de identifica\u00e7\u00e3o fiscal 517280710.<\/p>\n<p>Controlador de Dados (n\u00f3s):<br \/>\nApollo Guesthouse,Lda que lhe prestar\u00e1, ao utilizador, o servi\u00e7o solicitado. A nossa identifica\u00e7\u00e3o e contactos est\u00e3o dispon\u00edveis no website que utilizou para fazer a sua reserva. Aparecer\u00e3o tamb\u00e9m na nossa factura que lhe enviaremos.<\/p>\n<p>Respons\u00e1vel pela Conformidade de Dados:<br \/>\nN\u00e3o aplic\u00e1vel \u00e0s actividades dos Controladores de Dados.<\/p>\n<p>Utilizador:<br \/>\nO utilizador, que preencheu o formul\u00e1rio de reserva ou qualquer outra documenta\u00e7\u00e3o relacionada com o mesmo.<\/p>\n<p>Objectivo:<br \/>\nO objectivo do processamento dos dados fornecidos atrav\u00e9s deste formul\u00e1rio \u00e9 gerir as reservas feitas pelo utilizador e\/ou responder \u00e0s perguntas\/pedidos que nos colocou.<\/p>\n<p>Base legal:<br \/>\n\u2013 Ou a necessidade de executar o nosso contrato consigo, utilizador \/ a necessidade de tomar medidas a seu pedido antes da celebra\u00e7\u00e3o de um contrato.<br \/>\n\u2013 Ou o seu consentimento, o utilizador, ao assinalar na caixa de aceita\u00e7\u00e3o dos Termos e Condi\u00e7\u00f5es dos quais a presente Pol\u00edtica de Privacidade e Dados Pessoais \u00e9 parte integrante.<\/p>\n<p>Dura\u00e7\u00e3o:<br \/>\nConservaremos os dados fornecidos pelo utilizador, pelo tempo necess\u00e1rio para gerir a reserva que efetuou, bem como os servi\u00e7os de alojamento que solicitou. Uma vez conclu\u00edda a gest\u00e3o, e salvo indica\u00e7\u00e3o expressa por si, os seus dados ser\u00e3o armazenados de forma segura num servidor externo baseado na Holanda.<\/p>\n<p>Processador:<br \/>\nContrat\u00e1mos o nosso parceiro RoomRaccoonB.V. (www.roomraccoon.pt) para gerir o motor de reservas do nosso neg\u00f3cio. A RoomRaccoon actua sob a nossa autoridade e celebr\u00e1mos um contrato com a RoomRaccoon para a presta\u00e7\u00e3o dos seus servi\u00e7os. Instru\u00edmos a RoomRaccoon por escrito sobre a forma como o processamento deve ser levado a cabo.<\/p>\n<p>Dados de utilizador diferentes:<br \/>\nQuando o utilizador nos fornece dados pessoais pertencentes a outra pessoa, \u00e9 respons\u00e1vel por tais actos, bem como pela obten\u00e7\u00e3o do respectivo consentimento das referidas pessoas para o fornecimento dos seus dados.<\/p>\n<p>Transfer\u00eancia de dados:<br \/>\nN\u00e3o transferiremos dados pessoais para um pa\u00eds terceiro fora do EEE (Espa\u00e7o Econ\u00f3mico Europeu).<\/p>\n<p>Direitos dos titulares dos dados:<br \/>\nOs titulares dos dados podem exercer os seus direitos de acesso, rectifica\u00e7\u00e3o, cancelamento e oposi\u00e7\u00e3o enviando um e-mail ou atrav\u00e9s do servi\u00e7o postal para os dados de contacto no nosso website de reservas e nas nossas facturas.<\/p>\n<p>Autoridade de supervis\u00e3o:<\/p>\n<p>Se o titular dos dados considerar os seus direitos afectados, pode tamb\u00e9m recorrer \u00e0 autoridade de controlo competente do Estado-Membro em causa. Mais informa\u00e7\u00f5es em: <a href=\"https:\/\/ec.europa.eu\/info\/law\/law-topic\/data-protection\/data-protection-eu_pt\" target=\"_blank\" rel=\"noopener noreferrer\">https:\/\/ec.europa.eu\/info\/law\/law-topic\/data-protection\/data-protection-eu_pt<\/a><\/p>\n","protected":false},"excerpt":{"rendered":"<p>Pol\u00edtica de Privacidade e Dados Pessoais \u2013 aplic\u00e1vel aos Utilizadores nesta propriedade hoteleira quando fazem uma reserva Identifica\u00e7\u00e3o e dados de contacto do respons\u00e1vel: A empressa Apollo Guesthouse, Lda, com&#8230;<\/p>\n","protected":false},"author":2,"featured_media":0,"parent":0,"menu_order":0,"comment_status":"closed","ping_status":"closed","template":"","meta":{"footnotes":""},"class_list":["post-2516","page","type-page","status-publish"],"yoast_head":"<!-- This site is optimized with the Yoast SEO Premium plugin v27.3 (Yoast SEO v27.3) - https:\/\/yoast.com\/product\/yoast-seo-premium-wordpress\/ -->\n<title>Pol\u00edtica de Privacidade e Dados Pessoais - Casa Apollo<\/title>\n<meta name=\"robots\" content=\"index, follow, max-snippet:-1, max-image-preview:large, max-video-preview:-1\" \/>\n<link rel=\"canonical\" href=\"https:\/\/www.casa-apollo.com\/pt-pt\/politica-de-privacidade-e-dados-pessoais\/\" \/>\n<meta property=\"og:locale\" content=\"pt_PT\" \/>\n<meta property=\"og:type\" content=\"article\" \/>\n<meta property=\"og:title\" content=\"Pol\u00edtica de Privacidade e Dados Pessoais\" \/>\n<meta property=\"og:description\" content=\"Pol\u00edtica de Privacidade e Dados Pessoais \u2013 aplic\u00e1vel aos Utilizadores nesta propriedade hoteleira quando fazem uma reserva Identifica\u00e7\u00e3o e dados de contacto do respons\u00e1vel: A empressa Apollo Guesthouse, Lda, com...\" \/>\n<meta property=\"og:url\" content=\"https:\/\/www.casa-apollo.com\/pt-pt\/politica-de-privacidade-e-dados-pessoais\/\" \/>\n<meta property=\"og:site_name\" content=\"Casa Apollo\" \/>\n<meta property=\"article:publisher\" content=\"https:\/\/www.facebook.com\/casaapollo\" \/>\n<meta property=\"article:modified_time\" content=\"2023-01-17T17:32:10+00:00\" \/>\n<meta property=\"og:image\" content=\"https:\/\/www.casa-apollo.com\/wp-content\/uploads\/2024\/04\/jardin-piscine-2-scaled.jpg\" \/>\n\t<meta property=\"og:image:width\" content=\"2560\" \/>\n\t<meta property=\"og:image:height\" content=\"1707\" \/>\n\t<meta property=\"og:image:type\" content=\"image\/jpeg\" \/>\n<meta name=\"twitter:card\" content=\"summary_large_image\" \/>\n<meta name=\"twitter:label1\" content=\"Tempo estimado de leitura\" \/>\n\t<meta name=\"twitter:data1\" content=\"2 minutos\" \/>\n<script type=\"application\/ld+json\" class=\"yoast-schema-graph\">{\"@context\":\"https:\\\/\\\/schema.org\",\"@graph\":[{\"@type\":\"WebPage\",\"@id\":\"https:\\\/\\\/www.casa-apollo.com\\\/pt-pt\\\/politica-de-privacidade-e-dados-pessoais\\\/\",\"url\":\"https:\\\/\\\/www.casa-apollo.com\\\/pt-pt\\\/politica-de-privacidade-e-dados-pessoais\\\/\",\"name\":\"Pol\u00edtica de Privacidade e Dados Pessoais - Casa Apollo\",\"isPartOf\":{\"@id\":\"https:\\\/\\\/www.casa-apollo.com\\\/#website\"},\"datePublished\":\"2023-01-17T17:26:19+00:00\",\"dateModified\":\"2023-01-17T17:32:10+00:00\",\"breadcrumb\":{\"@id\":\"https:\\\/\\\/www.casa-apollo.com\\\/pt-pt\\\/politica-de-privacidade-e-dados-pessoais\\\/#breadcrumb\"},\"inLanguage\":\"pt-PT\",\"potentialAction\":[{\"@type\":\"ReadAction\",\"target\":[\"https:\\\/\\\/www.casa-apollo.com\\\/pt-pt\\\/politica-de-privacidade-e-dados-pessoais\\\/\"]}]},{\"@type\":\"BreadcrumbList\",\"@id\":\"https:\\\/\\\/www.casa-apollo.com\\\/pt-pt\\\/politica-de-privacidade-e-dados-pessoais\\\/#breadcrumb\",\"itemListElement\":[{\"@type\":\"ListItem\",\"position\":1,\"name\":\"Home\",\"item\":\"https:\\\/\\\/www.casa-apollo.com\\\/\"},{\"@type\":\"ListItem\",\"position\":2,\"name\":\"Pol\u00edtica de Privacidade e Dados Pessoais\"}]},{\"@type\":\"WebSite\",\"@id\":\"https:\\\/\\\/www.casa-apollo.com\\\/#website\",\"url\":\"https:\\\/\\\/www.casa-apollo.com\\\/\",\"name\":\"Casa Apollo\",\"description\":\"Casa Apollo\",\"publisher\":{\"@id\":\"https:\\\/\\\/www.casa-apollo.com\\\/#organization\"},\"potentialAction\":[{\"@type\":\"SearchAction\",\"target\":{\"@type\":\"EntryPoint\",\"urlTemplate\":\"https:\\\/\\\/www.casa-apollo.com\\\/?s={search_term_string}\"},\"query-input\":{\"@type\":\"PropertyValueSpecification\",\"valueRequired\":true,\"valueName\":\"search_term_string\"}}],\"inLanguage\":\"pt-PT\"},{\"@type\":\"Organization\",\"@id\":\"https:\\\/\\\/www.casa-apollo.com\\\/#organization\",\"name\":\"Casa Apollo Guesthouse\",\"url\":\"https:\\\/\\\/www.casa-apollo.com\\\/\",\"logo\":{\"@type\":\"ImageObject\",\"inLanguage\":\"pt-PT\",\"@id\":\"https:\\\/\\\/www.casa-apollo.com\\\/#\\\/schema\\\/logo\\\/image\\\/\",\"url\":\"https:\\\/\\\/www.casa-apollo.com\\\/wp-content\\\/uploads\\\/2020\\\/09\\\/logoblueretina.png\",\"contentUrl\":\"https:\\\/\\\/www.casa-apollo.com\\\/wp-content\\\/uploads\\\/2020\\\/09\\\/logoblueretina.png\",\"width\":512,\"height\":413,\"caption\":\"Casa Apollo Guesthouse\"},\"image\":{\"@id\":\"https:\\\/\\\/www.casa-apollo.com\\\/#\\\/schema\\\/logo\\\/image\\\/\"},\"sameAs\":[\"https:\\\/\\\/www.facebook.com\\\/casaapollo\",\"https:\\\/\\\/www.instagram.com\\\/casa_apollo_guesthouse\"]}]}<\/script>\n<!-- \/ Yoast SEO Premium plugin. -->","yoast_head_json":{"title":"Pol\u00edtica de Privacidade e Dados Pessoais - Casa Apollo","robots":{"index":"index","follow":"follow","max-snippet":"max-snippet:-1","max-image-preview":"max-image-preview:large","max-video-preview":"max-video-preview:-1"},"canonical":"https:\/\/www.casa-apollo.com\/pt-pt\/politica-de-privacidade-e-dados-pessoais\/","og_locale":"pt_PT","og_type":"article","og_title":"Pol\u00edtica de Privacidade e Dados Pessoais","og_description":"Pol\u00edtica de Privacidade e Dados Pessoais \u2013 aplic\u00e1vel aos Utilizadores nesta propriedade hoteleira quando fazem uma reserva Identifica\u00e7\u00e3o e dados de contacto do respons\u00e1vel: A empressa Apollo Guesthouse, Lda, com...","og_url":"https:\/\/www.casa-apollo.com\/pt-pt\/politica-de-privacidade-e-dados-pessoais\/","og_site_name":"Casa Apollo","article_publisher":"https:\/\/www.facebook.com\/casaapollo","article_modified_time":"2023-01-17T17:32:10+00:00","og_image":[{"width":2560,"height":1707,"url":"https:\/\/www.casa-apollo.com\/wp-content\/uploads\/2024\/04\/jardin-piscine-2-scaled.jpg","type":"image\/jpeg"}],"twitter_card":"summary_large_image","twitter_misc":{"Tempo estimado de leitura":"2 minutos"},"schema":{"@context":"https:\/\/schema.org","@graph":[{"@type":"WebPage","@id":"https:\/\/www.casa-apollo.com\/pt-pt\/politica-de-privacidade-e-dados-pessoais\/","url":"https:\/\/www.casa-apollo.com\/pt-pt\/politica-de-privacidade-e-dados-pessoais\/","name":"Pol\u00edtica de Privacidade e Dados Pessoais - Casa Apollo","isPartOf":{"@id":"https:\/\/www.casa-apollo.com\/#website"},"datePublished":"2023-01-17T17:26:19+00:00","dateModified":"2023-01-17T17:32:10+00:00","breadcrumb":{"@id":"https:\/\/www.casa-apollo.com\/pt-pt\/politica-de-privacidade-e-dados-pessoais\/#breadcrumb"},"inLanguage":"pt-PT","potentialAction":[{"@type":"ReadAction","target":["https:\/\/www.casa-apollo.com\/pt-pt\/politica-de-privacidade-e-dados-pessoais\/"]}]},{"@type":"BreadcrumbList","@id":"https:\/\/www.casa-apollo.com\/pt-pt\/politica-de-privacidade-e-dados-pessoais\/#breadcrumb","itemListElement":[{"@type":"ListItem","position":1,"name":"Home","item":"https:\/\/www.casa-apollo.com\/"},{"@type":"ListItem","position":2,"name":"Pol\u00edtica de Privacidade e Dados Pessoais"}]},{"@type":"WebSite","@id":"https:\/\/www.casa-apollo.com\/#website","url":"https:\/\/www.casa-apollo.com\/","name":"Casa Apollo","description":"Casa Apollo","publisher":{"@id":"https:\/\/www.casa-apollo.com\/#organization"},"potentialAction":[{"@type":"SearchAction","target":{"@type":"EntryPoint","urlTemplate":"https:\/\/www.casa-apollo.com\/?s={search_term_string}"},"query-input":{"@type":"PropertyValueSpecification","valueRequired":true,"valueName":"search_term_string"}}],"inLanguage":"pt-PT"},{"@type":"Organization","@id":"https:\/\/www.casa-apollo.com\/#organization","name":"Casa Apollo Guesthouse","url":"https:\/\/www.casa-apollo.com\/","logo":{"@type":"ImageObject","inLanguage":"pt-PT","@id":"https:\/\/www.casa-apollo.com\/#\/schema\/logo\/image\/","url":"https:\/\/www.casa-apollo.com\/wp-content\/uploads\/2020\/09\/logoblueretina.png","contentUrl":"https:\/\/www.casa-apollo.com\/wp-content\/uploads\/2020\/09\/logoblueretina.png","width":512,"height":413,"caption":"Casa Apollo Guesthouse"},"image":{"@id":"https:\/\/www.casa-apollo.com\/#\/schema\/logo\/image\/"},"sameAs":["https:\/\/www.facebook.com\/casaapollo","https:\/\/www.instagram.com\/casa_apollo_guesthouse"]}]}},"_links":{"self":[{"href":"https:\/\/www.casa-apollo.com\/pt-pt\/wp-json\/wp\/v2\/pages\/2516","targetHints":{"allow":["GET"]}}],"collection":[{"href":"https:\/\/www.casa-apollo.com\/pt-pt\/wp-json\/wp\/v2\/pages"}],"about":[{"href":"https:\/\/www.casa-apollo.com\/pt-pt\/wp-json\/wp\/v2\/types\/page"}],"author":[{"embeddable":true,"href":"https:\/\/www.casa-apollo.com\/pt-pt\/wp-json\/wp\/v2\/users\/2"}],"replies":[{"embeddable":true,"href":"https:\/\/www.casa-apollo.com\/pt-pt\/wp-json\/wp\/v2\/comments?post=2516"}],"version-history":[{"count":2,"href":"https:\/\/www.casa-apollo.com\/pt-pt\/wp-json\/wp\/v2\/pages\/2516\/revisions"}],"predecessor-version":[{"id":2523,"href":"https:\/\/www.casa-apollo.com\/pt-pt\/wp-json\/wp\/v2\/pages\/2516\/revisions\/2523"}],"wp:attachment":[{"href":"https:\/\/www.casa-apollo.com\/pt-pt\/wp-json\/wp\/v2\/media?parent=2516"}],"curies":[{"name":"wp","href":"https:\/\/api.w.org\/{rel}","templated":true}]}}